{"id":89,"date":"2017-03-09T19:06:18","date_gmt":"2017-03-09T19:06:18","guid":{"rendered":"http:\/\/bellevue-brand.at\/?page_id=89"},"modified":"2021-01-14T15:49:02","modified_gmt":"2021-01-14T15:49:02","slug":"sommer","status":"publish","type":"page","link":"http:\/\/bellevue-brand.at\/?page_id=89","title":{"rendered":"Sommer"},"content":{"rendered":"<div id=\"cee5inlineContent\" class=\"s15inlineContent\" data-reactid=\".0.$SITE_ROOT.$desktop_siteRoot.$PAGES_CONTAINER.1.1.$SITE_PAGES.$cee5.1\">\n<div id=\"BgmgStrp5-nvn\" class=\"s9\" data-reactid=\".0.$SITE_ROOT.$desktop_siteRoot.$PAGES_CONTAINER.1.1.$SITE_PAGES.$cee5.1.$BgmgStrp5-nvn\"><\/div>\n<p class=\"font_8\">*Kostenlose Teilnahme an gef\u00fchrten Wanderungen<br \/>\n*Tennispl\u00e4tze<br \/>\n*3D-Bogenparcours<br \/>\n*Reiten (In- und Outdoor)<br \/>\n*Freier Eintritt zum Naturbadeteich mit gro\u00dfer Liegewiese und *Kinderspielplatz<br \/>\n*18-Loch-Golfplatz<br \/>\n*Tiererlebnispfad<br \/>\n*Naturspr\u00fcngeweg<br \/>\n*Segway Touren &#8230;&#8230;&#8230;&#8230;&#8230;&#8230;&#8230;.<\/p>\n<p class=\"font_8\">Infos unter&nbsp; <a href=\"https:\/\/www.vorarlberg-alpenregion.at\/brandnertal\/sommer\/\">Sommer im Brandnertal<\/a><\/p>\n<div id='gallery-1' class='gallery galleryid-89 gallery-columns-3 gallery-size-thumbnail'><figure class='gallery-item'>\n\t\t\t<div class='gallery-icon landscape'>\n\t\t\t\t<a href='http:\/\/bellevue-brand.at\/?attachment_id=230'><img width=\"150\" height=\"150\" src=\"http:\/\/bellevue-brand.at\/wp-content\/uploads\/2017\/03\/cropped-20150703_110616-1-150x150.jpg\" class=\"attachment-thumbnail size-thumbnail\" alt=\"\" decoding=\"async\" loading=\"lazy\" srcset=\"http:\/\/bellevue-brand.at\/wp-content\/uploads\/2017\/03\/cropped-20150703_110616-1-150x150.jpg 150w, http:\/\/bellevue-brand.at\/wp-content\/uploads\/2017\/03\/cropped-20150703_110616-1-100x100.jpg 100w\" sizes=\"100vw\" \/><\/a>\n\t\t\t<\/div><\/figure><figure class='gallery-item'>\n\t\t\t<div class='gallery-icon landscape'>\n\t\t\t\t<a href='http:\/\/bellevue-brand.at\/?attachment_id=40'><img width=\"150\" height=\"150\" src=\"http:\/\/bellevue-brand.at\/wp-content\/uploads\/2017\/03\/20141003_134101-150x150.jpg\" class=\"attachment-thumbnail size-thumbnail\" alt=\"\" decoding=\"async\" loading=\"lazy\" srcset=\"http:\/\/bellevue-brand.at\/wp-content\/uploads\/2017\/03\/20141003_134101-150x150.jpg 150w, http:\/\/bellevue-brand.at\/wp-content\/uploads\/2017\/03\/20141003_134101-100x100.jpg 100w\" sizes=\"100vw\" \/><\/a>\n\t\t\t<\/div><\/figure><figure class='gallery-item'>\n\t\t\t<div class='gallery-icon portrait'>\n\t\t\t\t<a href='http:\/\/bellevue-brand.at\/?attachment_id=128'><img width=\"150\" height=\"150\" src=\"http:\/\/bellevue-brand.at\/wp-content\/uploads\/2017\/03\/cropped-P9110012-150x150.jpg\" class=\"attachment-thumbnail size-thumbnail\" alt=\"\" decoding=\"async\" loading=\"lazy\" sizes=\"100vw\" \/><\/a>\n\t\t\t<\/div><\/figure><figure class='gallery-item'>\n\t\t\t<div class='gallery-icon landscape'>\n\t\t\t\t<a href='http:\/\/bellevue-brand.at\/?attachment_id=28'><img width=\"150\" height=\"150\" src=\"http:\/\/bellevue-brand.at\/wp-content\/uploads\/2017\/03\/20141003_120441-150x150.jpg\" class=\"attachment-thumbnail size-thumbnail\" alt=\"\" decoding=\"async\" loading=\"lazy\" srcset=\"http:\/\/bellevue-brand.at\/wp-content\/uploads\/2017\/03\/20141003_120441-150x150.jpg 150w, http:\/\/bellevue-brand.at\/wp-content\/uploads\/2017\/03\/20141003_120441-100x100.jpg 100w\" sizes=\"100vw\" \/><\/a>\n\t\t\t<\/div><\/figure><figure class='gallery-item'>\n\t\t\t<div class='gallery-icon landscape'>\n\t\t\t\t<a href='http:\/\/bellevue-brand.at\/?attachment_id=48'><img width=\"150\" height=\"150\" src=\"http:\/\/bellevue-brand.at\/wp-content\/uploads\/2017\/03\/cropped-IMG_0355-150x150.jpg\" class=\"attachment-thumbnail size-thumbnail\" alt=\"\" decoding=\"async\" loading=\"lazy\" srcset=\"http:\/\/bellevue-brand.at\/wp-content\/uploads\/2017\/03\/cropped-IMG_0355-150x150.jpg 150w, http:\/\/bellevue-brand.at\/wp-content\/uploads\/2017\/03\/cropped-IMG_0355-100x100.jpg 100w\" sizes=\"100vw\" \/><\/a>\n\t\t\t<\/div><\/figure><figure class='gallery-item'>\n\t\t\t<div class='gallery-icon landscape'>\n\t\t\t\t<a href='http:\/\/bellevue-brand.at\/?attachment_id=49'><img width=\"150\" height=\"150\" src=\"http:\/\/bellevue-brand.at\/wp-content\/uploads\/2017\/03\/cropped-IMG-20160803-WA0002-150x150.jpg\" class=\"attachment-thumbnail size-thumbnail\" alt=\"\" decoding=\"async\" loading=\"lazy\" srcset=\"http:\/\/bellevue-brand.at\/wp-content\/uploads\/2017\/03\/cropped-IMG-20160803-WA0002-150x150.jpg 150w, http:\/\/bellevue-brand.at\/wp-content\/uploads\/2017\/03\/cropped-IMG-20160803-WA0002-100x100.jpg 100w\" sizes=\"100vw\" \/><\/a>\n\t\t\t<\/div><\/figure>\n\t\t<\/div>\n\n<\/div>\n<p class=\"font_8\">\n","protected":false},"excerpt":{"rendered":"<p>*Kostenlose Teilnahme an gef\u00fchrten Wanderungen *Tennispl\u00e4tze *3D-Bogenparcours *Reiten (In- und Outdoor) *Freier Eintritt zum Naturbadeteich mit gro\u00dfer Liegewiese und *Kinderspielplatz *18-Loch-Golfplatz *Tiererlebnispfad *Naturspr\u00fcngeweg *Segway Touren &#8230;&#8230;&#8230;&#8230;&#8230;&#8230;&#8230;. Infos unter&nbsp; Sommer im Brandnertal<\/p>\n","protected":false},"author":1,"featured_media":114,"parent":0,"menu_order":0,"comment_status":"closed","ping_status":"closed","template":"","meta":{"footnotes":""},"_links":{"self":[{"href":"http:\/\/bellevue-brand.at\/index.php?rest_route=\/wp\/v2\/pages\/89"}],"collection":[{"href":"http:\/\/bellevue-brand.at\/index.php?rest_route=\/wp\/v2\/pages"}],"about":[{"href":"http:\/\/bellevue-brand.at\/index.php?rest_route=\/wp\/v2\/types\/page"}],"author":[{"embeddable":true,"href":"http:\/\/bellevue-brand.at\/index.php?rest_route=\/wp\/v2\/users\/1"}],"replies":[{"embeddable":true,"href":"http:\/\/bellevue-brand.at\/index.php?rest_route=%2Fwp%2Fv2%2Fcomments&post=89"}],"version-history":[{"count":7,"href":"http:\/\/bellevue-brand.at\/index.php?rest_route=\/wp\/v2\/pages\/89\/revisions"}],"predecessor-version":[{"id":378,"href":"http:\/\/bellevue-brand.at\/index.php?rest_route=\/wp\/v2\/pages\/89\/revisions\/378"}],"wp:featuredmedia":[{"embeddable":true,"href":"http:\/\/bellevue-brand.at\/index.php?rest_route=\/wp\/v2\/media\/114"}],"wp:attachment":[{"href":"http:\/\/bellevue-brand.at\/index.php?rest_route=%2Fwp%2Fv2%2Fmedia&parent=89"}],"curies":[{"name":"wp","href":"https:\/\/api.w.org\/{rel}","templated":true}]}}